{"id":51,"date":"2020-12-29T22:01:25","date_gmt":"2020-12-30T01:01:25","guid":{"rendered":"http:\/\/blog.ufes.br\/valdineicardoso\/?page_id=51"},"modified":"2020-12-29T23:01:35","modified_gmt":"2020-12-30T02:01:35","slug":"extensao","status":"publish","type":"page","link":"https:\/\/blog.ufes.br\/valdineicardoso\/extensao\/","title":{"rendered":"Extens\u00e3o"},"content":{"rendered":"\n<figure class=\"wp-block-table\"><table><tbody><tr><td><strong>2020 &#8211; Atual<\/strong><\/td><td><strong>Programa Ol\u00edmpico de Treinamento Intensivo em Matem\u00e1tica de S\u00e3o Mateus-ES<\/strong><\/td><\/tr><tr><td><\/td><td>Descri\u00e7\u00e3o: Este Projeto de extens\u00e3o busca oferecer cursos gratuitos de matem\u00e1tica para alunos matriculados no 8\u00ba e 9\u00ba anos do Ensino Fundamental e em qualquer ano do Ensino M\u00e9dio ou Superior interessados em participar da OBMEP e da OBM.<br>Situa\u00e7\u00e3o: Em andamento Natureza: Projeto de extens\u00e3o<br>Integrantes: Valdinei Cezar Cardoso (Respons\u00e1vel); ;<\/td><\/tr><tr><td><strong>2019 &#8211; 2020<\/strong><\/td><td><strong>Matem\u00e1tica mais que divertida<\/strong><\/td><\/tr><tr><td><\/td><td>Descri\u00e7\u00e3o: A Matem\u00e1tica, em muitos casos, \u00e9 vista pela comunidade em geral como uma \u00e1rea de estudos dif\u00edcil, desinteressante e sem aplica\u00e7\u00f5es pr\u00e1ticas na vida cotidiana. Pensando em contribuir para a mudan\u00e7a de concep\u00e7\u00f5es como esta,nosso projeto pretende apresentar para a comunidade externa de S\u00e3o Mateus e regi\u00e3o, caracter\u00edsticas da Matem\u00e1tica que a tornem interessante, prazerosa e com vasta aplica\u00e7\u00e3o no cotidiano. Tais a\u00e7\u00f5es ser\u00e3o desenvolvidas com com o aux\u00edlio de acad\u00eamicos(as) do CEUNES\/UFES, preferencialmente para os cursos de Licenciatura em Matem\u00e1tica ou Licenciatura em F\u00edsica, que ter\u00e3o a oportunidade de interagir com estudantes e professores de escolas p\u00fablicas de S\u00e3o Mateus e regi\u00e3o, em situa\u00e7\u00f5es em que conceitos matem\u00e1ticos s\u00e3o apresentados de maneira l\u00fadica, o que pode contribuir para a sua forma\u00e7\u00e3o docente e tamb\u00e9m para que alguns mitos em rela\u00e7\u00e3o \u00e0 Matem\u00e1tica possam ser derrubados.<br>Situa\u00e7\u00e3o: Conclu\u00eddo Natureza: Projeto de extens\u00e3o<br>Alunos envolvidos: Gradua\u00e7\u00e3o (10); Mestrado acad\u00eamico (1);<br>Integrantes: Valdinei Cezar Cardoso (Respons\u00e1vel); ;<\/td><\/tr><\/tbody><\/table><\/figure>\n","protected":false},"excerpt":{"rendered":"<div class=\"mh-excerpt\"><p>2020 &#8211; Atual Programa Ol\u00edmpico de Treinamento Intensivo em Matem\u00e1tica de S\u00e3o Mateus-ES Descri\u00e7\u00e3o: Este Projeto de extens\u00e3o busca oferecer cursos gratuitos de matem\u00e1tica para <a class=\"mh-excerpt-more\" href=\"https:\/\/blog.ufes.br\/valdineicardoso\/extensao\/\" title=\"Extens\u00e3o\">[&#8230;]<\/a><\/p>\n<\/div>","protected":false},"author":326,"featured_media":0,"parent":0,"menu_order":0,"comment_status":"closed","ping_status":"closed","template":"","meta":{"_bbp_topic_count":0,"_bbp_reply_count":0,"_bbp_total_topic_count":0,"_bbp_total_reply_count":0,"_bbp_voice_count":0,"_bbp_anonymous_reply_count":0,"_bbp_topic_count_hidden":0,"_bbp_reply_count_hidden":0,"_bbp_forum_subforum_count":0,"_uag_custom_page_level_css":"","footnotes":""},"class_list":["post-51","page","type-page","status-publish","hentry"],"uagb_featured_image_src":{"full":false,"thumbnail":false,"medium":false,"medium_large":false,"large":false,"1536x1536":false,"2048x2048":false,"mh-magazine-lite-slider":false,"mh-magazine-lite-content":false,"mh-magazine-lite-large":false,"mh-magazine-lite-medium":false,"mh-magazine-lite-small":false},"uagb_author_info":{"display_name":"valdinei.cardoso","author_link":"https:\/\/blog.ufes.br\/valdineicardoso\/author\/valdinei-cardoso\/"},"uagb_comment_info":0,"uagb_excerpt":"2020 &#8211; Atual Programa Ol\u00edmpico de Treinamento Intensivo em Matem\u00e1tica de S\u00e3o Mateus-ES Descri\u00e7\u00e3o: Este Projeto de extens\u00e3o busca oferecer cursos gratuitos de matem\u00e1tica para [...]","_links":{"self":[{"href":"https:\/\/blog.ufes.br\/valdineicardoso\/wp-json\/wp\/v2\/pages\/51","targetHints":{"allow":["GET"]}}],"collection":[{"href":"https:\/\/blog.ufes.br\/valdineicardoso\/wp-json\/wp\/v2\/pages"}],"about":[{"href":"https:\/\/blog.ufes.br\/valdineicardoso\/wp-json\/wp\/v2\/types\/page"}],"author":[{"embeddable":true,"href":"https:\/\/blog.ufes.br\/valdineicardoso\/wp-json\/wp\/v2\/users\/326"}],"replies":[{"embeddable":true,"href":"https:\/\/blog.ufes.br\/valdineicardoso\/wp-json\/wp\/v2\/comments?post=51"}],"version-history":[{"count":2,"href":"https:\/\/blog.ufes.br\/valdineicardoso\/wp-json\/wp\/v2\/pages\/51\/revisions"}],"predecessor-version":[{"id":69,"href":"https:\/\/blog.ufes.br\/valdineicardoso\/wp-json\/wp\/v2\/pages\/51\/revisions\/69"}],"wp:attachment":[{"href":"https:\/\/blog.ufes.br\/valdineicardoso\/wp-json\/wp\/v2\/media?parent=51"}],"curies":[{"name":"wp","href":"https:\/\/api.w.org\/{rel}","templated":true}]}}