{"id":88,"date":"2020-12-29T23:20:47","date_gmt":"2020-12-30T02:20:47","guid":{"rendered":"http:\/\/blog.ufes.br\/valdineicardoso\/?page_id=88"},"modified":"2020-12-29T23:33:06","modified_gmt":"2020-12-30T02:33:06","slug":"resumo-do-lattes","status":"publish","type":"page","link":"https:\/\/blog.ufes.br\/valdineicardoso\/resumo-do-lattes\/","title":{"rendered":"Resumo"},"content":{"rendered":"\n<div class=\"wp-block-group\"><div class=\"wp-block-group__inner-container is-layout-flow wp-block-group-is-layout-flow\">\n<p>Prof\u00ba Dr. Valdinei\u00a0Cezar Cardoso<br>Universidade Federal do Esp\u00edrito Santo<\/p>\n\n\n\n<p>Centro Universit\u00e1rio Norte do Esp\u00edrito Santo<\/p>\n\n\n\n<p>Departamento de Matem\u00e1tica Aplicada<\/p>\n\n\n\n<p>Programa de P\u00f3s-gradua\u00e7\u00e3o em Ensino na Educa\u00e7\u00e3o B\u00e1sica<\/p>\n\n\n\n<p>Subcoordenador do Curso de Licenciatura em Matem\u00e1tica<\/p>\n\n\n\n<p>Rodovia BR101, Km 60, Bairro Litor\u00e2neo<br>CEP 29932-540 &#8211; S\u00e3o Mateus\/ES<\/p>\n\n\n\n<p>Telefones: (27) 3312-1668\u00a0<\/p>\n\n\n\n<p>E-mail:\u00a0v13dinei@gmail.com\u00a0ou\u00a0valdinei.cardoso@ufes.br\u00a0<br><\/p>\n\n\n\n<p>http:\/\/lattes.cnpq.br\/3560165817659228<\/p>\n\n\n\n<p>ORCID ID 0000-0001-6620-862X<\/p>\n<\/div><\/div>\n\n\n\n<p><\/p>\n\n\n\n<p>Doutor em Ensino de Ci\u00eancias e Matem\u00e1tica pela Faculdade de Educa\u00e7\u00e3o da Universidade Estadual de Campinas (2014). Mestre em Educa\u00e7\u00e3o para a Ci\u00eancia e o Ensino de Matem\u00e1tica pela Universidade Estadual de Maring\u00e1(2010). Especialista em Educa\u00e7\u00e3o Matem\u00e1tica pela Uni\u00e3o das Escolas Superiores do Vale do Iva\u00ed (2002). Graduado em Matem\u00e1tica pela Universidade Estadual de Maring\u00e1(2001), Professor Adjunto do Departamento de Matem\u00e1tica Aplicada e do Programa de P\u00f3s-Gradua\u00e7\u00e3o em Ensino na Educa\u00e7\u00e3o B\u00e1sica do Centro Universit\u00e1rio Norte do Esp\u00edrito Santo da Universidade Federal do Esp\u00edrito Santo. Atua na \u00e1rea de pesquisa da Educa\u00e7\u00e3o Matem\u00e1tica com \u00eanfase na Modelagem Matem\u00e1tica na Educa\u00e7\u00e3o Matem\u00e1tica, Teorias da Did\u00e1tica da Matem\u00e1tica Francesa, Teoria Cognitiva da Aprendizagem Multim\u00eddia, Uso de Jogos e V\u00eddeos Digitais no ensino de matem\u00e1tica, Educa\u00e7\u00e3o \u00e0 Dist\u00e2ncia e Tecnologias Educacionais da Informa\u00e7\u00e3o e Comunica\u00e7\u00e3o. \u00c9 coordenador do Grupo de pesquisa M\u00eddias e Matem\u00e1tica (MidMat) no Centro Universit\u00e1rio Norte do Esp\u00edrito Santo(CEUNES) da Universidade Federal do Esp\u00edrito Santo.<\/p>\n","protected":false},"excerpt":{"rendered":"<div class=\"mh-excerpt\"><p>Prof\u00ba Dr. Valdinei\u00a0Cezar CardosoUniversidade Federal do Esp\u00edrito Santo Centro Universit\u00e1rio Norte do Esp\u00edrito Santo Departamento de Matem\u00e1tica Aplicada Programa de P\u00f3s-gradua\u00e7\u00e3o em Ensino na Educa\u00e7\u00e3o <a class=\"mh-excerpt-more\" href=\"https:\/\/blog.ufes.br\/valdineicardoso\/resumo-do-lattes\/\" title=\"Resumo\">[&#8230;]<\/a><\/p>\n<\/div>","protected":false},"author":326,"featured_media":0,"parent":0,"menu_order":0,"comment_status":"closed","ping_status":"closed","template":"","meta":{"_bbp_topic_count":0,"_bbp_reply_count":0,"_bbp_total_topic_count":0,"_bbp_total_reply_count":0,"_bbp_voice_count":0,"_bbp_anonymous_reply_count":0,"_bbp_topic_count_hidden":0,"_bbp_reply_count_hidden":0,"_bbp_forum_subforum_count":0,"_uag_custom_page_level_css":"","footnotes":""},"class_list":["post-88","page","type-page","status-publish","hentry"],"uagb_featured_image_src":{"full":false,"thumbnail":false,"medium":false,"medium_large":false,"large":false,"1536x1536":false,"2048x2048":false,"mh-magazine-lite-slider":false,"mh-magazine-lite-content":false,"mh-magazine-lite-large":false,"mh-magazine-lite-medium":false,"mh-magazine-lite-small":false},"uagb_author_info":{"display_name":"valdinei.cardoso","author_link":"https:\/\/blog.ufes.br\/valdineicardoso\/author\/valdinei-cardoso\/"},"uagb_comment_info":0,"uagb_excerpt":"Prof\u00ba Dr. Valdinei\u00a0Cezar CardosoUniversidade Federal do Esp\u00edrito Santo Centro Universit\u00e1rio Norte do Esp\u00edrito Santo Departamento de Matem\u00e1tica Aplicada Programa de P\u00f3s-gradua\u00e7\u00e3o em Ensino na Educa\u00e7\u00e3o [...]","_links":{"self":[{"href":"https:\/\/blog.ufes.br\/valdineicardoso\/wp-json\/wp\/v2\/pages\/88","targetHints":{"allow":["GET"]}}],"collection":[{"href":"https:\/\/blog.ufes.br\/valdineicardoso\/wp-json\/wp\/v2\/pages"}],"about":[{"href":"https:\/\/blog.ufes.br\/valdineicardoso\/wp-json\/wp\/v2\/types\/page"}],"author":[{"embeddable":true,"href":"https:\/\/blog.ufes.br\/valdineicardoso\/wp-json\/wp\/v2\/users\/326"}],"replies":[{"embeddable":true,"href":"https:\/\/blog.ufes.br\/valdineicardoso\/wp-json\/wp\/v2\/comments?post=88"}],"version-history":[{"count":3,"href":"https:\/\/blog.ufes.br\/valdineicardoso\/wp-json\/wp\/v2\/pages\/88\/revisions"}],"predecessor-version":[{"id":96,"href":"https:\/\/blog.ufes.br\/valdineicardoso\/wp-json\/wp\/v2\/pages\/88\/revisions\/96"}],"wp:attachment":[{"href":"https:\/\/blog.ufes.br\/valdineicardoso\/wp-json\/wp\/v2\/media?parent=88"}],"curies":[{"name":"wp","href":"https:\/\/api.w.org\/{rel}","templated":true}]}}