{"id":102,"date":"2017-08-02T00:09:47","date_gmt":"2017-08-02T03:09:47","guid":{"rendered":"http:\/\/blog.ufes.br\/vicenzi\/?page_id=102"},"modified":"2017-08-20T17:17:59","modified_gmt":"2017-08-20T20:17:59","slug":"textos","status":"publish","type":"page","link":"https:\/\/blog.ufes.br\/vicenzi\/textos\/","title":{"rendered":"TEXTOS (JORNAIS DE NOT\u00cdCIAS\/REVISTAS)"},"content":{"rendered":"<p><span style=\"color: #000000\">1.<strong> VINCENZI, Brunela Vieira. <a href=\"http:\/\/ufes.br\/conteudo\/ufes-vai-sediar-laborat%C3%B3rio-de-pesquisa-sobre-viol%C3%AAncia-contra-mulher\" target=\"_blank\" rel=\"noopener\"><em>Ufes vai sediar laborat\u00f3rio de pesquisa sobre viol\u00eancia contra a mulher<\/em><\/a><\/strong>. Ufes.br, 13 mar. 2017.<\/span><\/p>\n<p><span style=\"color: #000000\">2. <strong>VINCENZI, Brunela Vieira<\/strong>; Maciel, Ethel Leonor Noia. <a href=\"http:\/\/www.ufes.br\/conteudo\/carnaval-professoras-da-ufes-alertam-sobre-o-ass%C3%A9dio\" target=\"_blank\" rel=\"noopener\"><em><strong>Carnaval: professoras da Ufes alertam sobre o ass\u00e9dio. Ass\u00e9dio nas Ruas e o Carnaval<\/strong><\/em>,<\/a> 16 fev. 2017.<\/span><\/p>\n<p><span style=\"color: #000000\">3. <strong>VINCENZI, Brunela Vieira<\/strong>. <a href=\"http:\/\/www.gazetaonline.com.br\/noticias\/mundo\/2017\/01\/professora-de-direito-na-ufes-comenta-posse-de-donald-trump-1014016109.html\" target=\"_blank\" rel=\"noopener\"><em><strong>Professora de Direito na Ufes comenta posse de Donald Trump<\/strong><\/em><\/a>. A Gazeta, 20 jan. 2017.<\/span><\/p>\n<p><span style=\"color: #000000\">4. <strong>VINCENZI, Brunela Vieira.<\/strong> <em><strong>Trump na Casa Branca ? O governo Trump ser\u00e1 mesmo t\u00e3o ruim? O que esperar?<\/strong><\/em>. A Gazeta, Vit\u00f3ria, 20 jan. 2017. (vers\u00e3o impressa).<\/span><\/p>\n<p><span style=\"color: #000000\">5. <strong>VINCENZI, Brunela Vieira<\/strong>. <a href=\"http:\/\/www.vozdabahia.com.br\/index\/blog\/id-201624\/aumento_da_expectativa_de_vida_influencia_divorcio_na_3__idade\" target=\"_blank\" rel=\"noopener\"><em><strong>Aumento da expectativa de vida influencia div\u00f3rcio na 3\u00aa idade<\/strong><\/em><\/a>. Voz da Bahia, Bahia, 25 dez. 2015.<\/span><\/p>\n<p><span style=\"color: #000000\">6. <strong>VINCENZI, Brunela Vieira<\/strong>. <a href=\"http:\/\/www.correio24horas.com.br\/detalhe\/salvador\/noticia\/divorcios-na-3a-idade-disparam-239-em-salvador-nos-ultimos-dez-anos\/?cHash=11ee3e31ac9edd07e113bf6f90736020\" target=\"_blank\" rel=\"noopener\"><em><strong>Aumento da expectativa de vida influencia div\u00f3rcio na 3\u00aa idade; apesar de estarem mais livres, muitos idosos ainda t\u00eam vergonha em dizer que s\u00e3o divorciados<\/strong><\/em><\/a>. Correio 24 Horas, Bahia, 25 dez. 2015.<\/span><\/p>\n<p><span style=\"color: #000000\">7. <strong>VINCENZI, Brunela Vieira<\/strong>. <a href=\"http:\/\/g1.globo.com\/espirito-santo\/noticia\/2015\/09\/refugiado-no-es-sirio-feito-de-refem-pelo-estado-islamico-sonha-em-voltar.html\" target=\"_blank\" rel=\"noopener\"><em><strong>Refugiado no ES, s\u00edrio feito ref\u00e9m pelo Estado Isl\u00e2mico sonha em voltar<\/strong><\/em><\/a>. www.g1.globo.br, Esp\u00edrito Santo, 14 set. 2015.<\/span><\/p>\n<p><span style=\"color: #000000\">8. <strong>VINCENZI, Brunela Vieira<\/strong>. <a href=\"http:\/\/www.folhavitoria.com.br\/geral\/noticia\/2015\/05\/comissario-que-matou-esposa-a-facadas-pena-diferente-para-mesmo-crime-no-brasil-e-espanha.html\" target=\"_blank\" rel=\"noopener\"><strong><em>Comiss\u00e1rio que matou esposa a facadas: pena diferente para mesmo crime no Brasil e Espanha<\/em><\/strong><\/a>. Folha Vit\u00f3ria, Esp\u00edrito Santo, 13 maio 2015.<\/span><\/p>\n<p><span style=\"color: #000000\">9. <strong>VINCENZI, Brunela Vieira de<\/strong>; MEIER, A.\u00a0<em><strong>Schiedsverfahren: Damit Streit nicht eskaliert<\/strong><\/em>. IHK &#8211; Wirtschaftsforum, Frankfurt am Main, Alemanha, p. 26 &#8211; 27, 01 jun. 2012.\u00a0(vers\u00e3o impressa).<\/span><\/p>\n<p><span style=\"color: #000000\">10. <strong>VINCENZI, Brunela Vieira de<\/strong>; MEIER, A. <em><strong>Arbitration between Brazilian and German companies &#8211; overview and expedited dispute resolution toos for mega sports events.<\/strong><\/em> International Litigation News &#8211; Newsletter of the International Bar Association Legal Practice Division, London, p. 55 &#8211; 61, 01 set. 2011.<\/span><\/p>\n<p><span style=\"color: #000000\">11. <strong>VINCENZI, Brunela Vieira. <a href=\"http:\/\/economia.estadao.com.br\/noticias\/geral,do-limao-uma-limonada-imp-,554552\" target=\"_blank\" rel=\"noopener\"><em>Do lim\u00e3o uma limonada<\/em><\/a><\/strong>. O Estado de S\u00e3o Paulo, S\u00e3o Paulo, 21 maio 2010.<\/span><\/p>\n<p><span style=\"color: #000000\">12. <strong>VINCENZI, Brunela Vieira de<\/strong>; <a href=\"http:\/\/www.conjur.com.br\/2009-jun-11\/conceito-ordem-publica-complexo-situacoes-culturais-distintas\" target=\"_blank\" rel=\"noopener\"><strong><em>MACHADO, C\u00e9sar Rocha . Quest\u00f5es de Ordem P\u00fablica e a Ordem P\u00fablica Nacional. Consultor Jur\u00eddico,<\/em><\/strong><\/a> 11 jun. 2009.<\/span><\/p>\n<p><span style=\"color: #000000\">13. <strong>VINCENZI, Brunela Vieira de<\/strong>.<a href=\"http:\/\/parlamentando.blogspot.com.br\/2007\/06\/censuca-togada.html\" target=\"_blank\" rel=\"noopener\"><em><strong> Restri\u00e7\u00f5es \u00e0 liberdade e \u00e0 privacidade no uso da Internet<\/strong><\/em><\/a>. Di\u00e1rio do Com\u00e9rcio e Ind\u00fastria, 14 jun. 2007.<\/span><\/p>\n<p><span style=\"color: #000000\">14. <strong>VINCENZI, Brunela Vieira de<\/strong>. <strong><em>A nova estrutura da Internet no Brasil. Gazeta Mercantil<\/em><\/strong>, 01 ago. 2001.<\/span><\/p>\n","protected":false},"excerpt":{"rendered":"<p>1. VINCENZI, Brunela Vieira. Ufes vai sediar laborat\u00f3rio de pesquisa sobre viol\u00eancia contra a mulher. Ufes.br, 13 mar. 2017. 2. VINCENZI, Brunela Vieira; Maciel, Ethel Leonor Noia. Carnaval: professoras da Ufes alertam sobre o ass\u00e9dio. Ass\u00e9dio nas Ruas e o Carnaval, 16 fev. 2017. 3. VINCENZI, Brunela Vieira. Professora de Direito na Ufes comenta posse [&hellip;]<\/p>\n","protected":false},"author":315,"featured_media":0,"parent":0,"menu_order":0,"comment_status":"closed","ping_status":"closed","template":"","meta":{"_bbp_topic_count":0,"_bbp_reply_count":0,"_bbp_total_topic_count":0,"_bbp_total_reply_count":0,"_bbp_voice_count":0,"_bbp_anonymous_reply_count":0,"_bbp_topic_count_hidden":0,"_bbp_reply_count_hidden":0,"_bbp_forum_subforum_count":0,"_uag_custom_page_level_css":"","footnotes":""},"class_list":["post-102","page","type-page","status-publish","hentry"],"uagb_featured_image_src":{"full":false,"thumbnail":false,"medium":false,"medium_large":false,"large":false,"1536x1536":false,"2048x2048":false,"post-thumbnail":false},"uagb_author_info":{"display_name":"Brunela Vieira de Vincenzi","author_link":"https:\/\/blog.ufes.br\/vicenzi\/author\/brunela-vicenzi\/"},"uagb_comment_info":0,"uagb_excerpt":"1. VINCENZI, Brunela Vieira. Ufes vai sediar laborat\u00f3rio de pesquisa sobre viol\u00eancia contra a mulher. Ufes.br, 13 mar. 2017. 2. VINCENZI, Brunela Vieira; Maciel, Ethel Leonor Noia. Carnaval: professoras da Ufes alertam sobre o ass\u00e9dio. Ass\u00e9dio nas Ruas e o Carnaval, 16 fev. 2017. 3. VINCENZI, Brunela Vieira. Professora de Direito na Ufes comenta posse&hellip;","_links":{"self":[{"href":"https:\/\/blog.ufes.br\/vicenzi\/wp-json\/wp\/v2\/pages\/102","targetHints":{"allow":["GET"]}}],"collection":[{"href":"https:\/\/blog.ufes.br\/vicenzi\/wp-json\/wp\/v2\/pages"}],"about":[{"href":"https:\/\/blog.ufes.br\/vicenzi\/wp-json\/wp\/v2\/types\/page"}],"author":[{"embeddable":true,"href":"https:\/\/blog.ufes.br\/vicenzi\/wp-json\/wp\/v2\/users\/315"}],"replies":[{"embeddable":true,"href":"https:\/\/blog.ufes.br\/vicenzi\/wp-json\/wp\/v2\/comments?post=102"}],"version-history":[{"count":6,"href":"https:\/\/blog.ufes.br\/vicenzi\/wp-json\/wp\/v2\/pages\/102\/revisions"}],"predecessor-version":[{"id":195,"href":"https:\/\/blog.ufes.br\/vicenzi\/wp-json\/wp\/v2\/pages\/102\/revisions\/195"}],"wp:attachment":[{"href":"https:\/\/blog.ufes.br\/vicenzi\/wp-json\/wp\/v2\/media?parent=102"}],"curies":[{"name":"wp","href":"https:\/\/api.w.org\/{rel}","templated":true}]}}