{"id":11,"date":"2017-08-01T16:26:09","date_gmt":"2017-08-01T19:26:09","guid":{"rendered":"http:\/\/blog.ufes.br\/vicenzi\/?page_id=11"},"modified":"2017-08-20T17:16:33","modified_gmt":"2017-08-20T20:16:33","slug":"publicacoesartigos","status":"publish","type":"page","link":"https:\/\/blog.ufes.br\/vicenzi\/publicacoesartigos\/","title":{"rendered":"PUBLICA\u00c7\u00d5ES"},"content":{"rendered":"<h2><span style=\"color: #000000\"><strong>ARTIGOS (<em>em peri\u00f3dicos<\/em>)<\/strong><\/span><\/h2>\n<p><span style=\"color: #000000\">1. <strong>VINCENZI, Brunela Vieira de.<\/strong> <strong><em><a href=\"https:\/\/www.academia.edu\/32250554\/Semantic_Reversal_Individual_Person_Individualism_INDIVIDUALIZATION_and_Subject_of_Fundamental_Rights_Semantic_Reversal_Individual_Person_Individualism_INDIVIDUALIZATION_and_Subject_of_Fundamental_Rights\" target=\"_blank\" rel=\"noopener\">Semantic Reversal: Individual, Person, Individualism, Individualization, and Subject of Fundamental Rights<\/a>.<\/em><\/strong> University of Baltimore Journal of International Law, v. 5, p. 68-93, 2017.<\/span><\/p>\n<p><span style=\"color: #000000\">2. SIVIERO, Karime Silva; <strong>VINCENZI, Brunela Vieira de.<\/strong> <a href=\"https:\/\/www.academia.edu\/32250812\/A_importancia_da_autocomposicao_a_partir_das_teorias_de_Jurgen_Habermas_e_Axel_Honneth\" target=\"_blank\" rel=\"noopener\"><em><strong>A import\u00e2ncia da autocomposi\u00e7\u00e3o a partir das teorias de J\u00fcrgen Habermas e Axel Honneth<\/strong><\/em><\/a>. Revista Brasileira de Direito, v. 13, p. 235-250, 2017.<\/span><\/p>\n<p><span style=\"color: #000000\">3. REZENDE, Ariadi S.; <strong>VINCENZI, Brunela Vieira<\/strong>; Mansur, Jo\u00e3o Paulo. <em><strong>A Constitucionaliza\u00e7\u00e3o do Processo Civil brasileiro<\/strong><\/em>. Derecho y Cambio Social, v. 44, p. 1-15, 2016.<\/span><\/p>\n<p><span style=\"color: #000000\">4. <strong>VINCENZI, Brunela Vieira de<\/strong>. <a href=\"https:\/\/www.academia.edu\/31450777\/AXEL_HONNETHS_RECOGNITION_THEORY_AND_THE_BRAZILIAN_JUDICIAL_SYSTEM\" target=\"_blank\" rel=\"noopener\"><strong><em>Axel Honneth&#8217;s Recognition Theory and The Brazilian Judicial System. University of Baltimore Journal of International Law<\/em><\/strong><\/a>, v. Volume 4, p. 1-12, 2016.<\/span><\/p>\n<p><span style=\"color: #000000\">5. SIVIERO, Karime Silva; <strong>VINCENZI, Brunela Vieira de<\/strong>. <a href=\"https:\/\/www.academia.edu\/31450862\/ESTUDO_DE_CASO_A_EXPERI%C3%8ANCIA_DO_PROGRAMA_DE_MEDIA%C3%87%C3%83O_DE_CONFLITOS_DA_SECRETARIA_MUNICIPAL_DE_CIDADANIA_E_DIREITOS_HUMANOS_DE_VIT%C3%93RIA\" target=\"_blank\" rel=\"noopener\"><strong><em>Estudo de caso: a experi\u00eancia do programa de media\u00e7\u00e3o de conflitos da Secretaria Municipal de Cidadania e Direitos Humanos de Vit\u00f3ria<\/em><\/strong><\/a>. Revista de Arbitragem e Media\u00e7\u00e3o, v. 48, p. 271-291, 2016.<\/span><\/p>\n<p><span style=\"color: #000000\">6. <strong>VINCENZI, Brunela Vieira de<\/strong>; Alves, Gustavo Silva; REZENDE, P. C. G. <strong><em>As A\u00e7\u00f5es Coletivas como esp\u00e9cie de lit\u00edgio estrat\u00e9gico: um di\u00e1logo com a luta social por reconhecimento de Axel Honneth<\/em><\/strong>. Revista Jur\u00eddica Direito &amp; Paz, v. 34, p. 209-236, 2016.<\/span><\/p>\n<p><span style=\"color: #000000\">7. <strong>VINCENZI, Brunela<\/strong>. <strong><em>Pr\u00e1ticas extensionistas em Direitos Humanos: exemplo do N\u00facleo de Pr\u00e1tica Jur\u00eddica da Ufes<\/em><\/strong>. ARAC\u00ca &#8211; Direitos Humanos em Revista, v. 2, p. 55-83, 2015.<\/span><\/p>\n<p><span style=\"color: #000000\">8. OLIVEIRA, F. P. A.; <strong>VINCENZI, Brunela Vieira de<\/strong>. <a href=\"https:\/\/www.academia.edu\/32145233\/A_CL%C3%81USULA_GERAL_DA_BOA-F%C3%89_E_A_MEDIA%C3%87%C3%83O_NO_BLOCO_DAS_A%C3%87%C3%95ES_DE_FAM%C3%8DLIA_NO_NOVO_C%C3%93DIGO_DE_PROCESSO_CIVIL\" target=\"_blank\" rel=\"noopener\"><strong><em>A cl\u00e1usula geral da Boa-f\u00e9 e a media\u00e7\u00e3o no bloco das a\u00e7\u00f5es de fam\u00edlia no novo C\u00f3digo de Processo Civil<\/em><\/strong>.<\/a> Revista de Arbitragem e Media\u00e7\u00e3o, v. 46\/2015, p. 197-208, 2015.<\/span><\/p>\n<p><span style=\"color: #000000\">9. <strong>VINCENZI, Brunela Vieira de<\/strong>. <em><strong>A nossa democracia depende da liberdade de imprensa? Sujeito de direitos, direitos diferentes e a impossibilidade de sopesamento de valores.<\/strong><\/em>\u00a0Revista Jur\u00eddica (Porto Alegre. 1953), v. 62, p. 13-24, 2014.<\/span><\/p>\n<p><span style=\"color: #000000\">10. <strong>VINCENZI, Brunela Vieira de<\/strong>. <a href=\"https:\/\/www.academia.edu\/32145273\/A_crise_de_confianca_na_s_institui%C3%A7%C3%B5es_democr%C3%A1ticas_da_justi%C3%A7a_brasileira-_Brunela_Vieira_1_.pdf\" target=\"_blank\" rel=\"noopener\"><strong><em>A crise de confian\u00e7a nas institui\u00e7\u00f5es democr\u00e1ticas da justi\u00e7a brasileira e a aplica\u00e7\u00e3o dos direitos fundamentais no processo judicial.<\/em><\/strong><\/a> Revista Forense (Impresso), v. 419, p. 381-395, 2014.<\/span><\/p>\n<p><span style=\"color: #000000\">11. <strong>VINCENZI, Brunela Vieira de<\/strong>. <a href=\"https:\/\/www.academia.edu\/32145253\/%C3%89_DIGNO_SER_HUMANO_OU_%C3%89S_DIGNO_SER_HUMANO\" target=\"_blank\" rel=\"noopener\"><em><strong>\u00c9 digno ser humano? Ou \u00c9s digno, ser humano?. Revista de Direito Constitucional e Internacional<\/strong><\/em><\/a>, v. 21, p. 75-82, 2013.<\/span><\/p>\n<p><span style=\"color: #000000\">12. <strong>VINCENZI, Brunela Vieira de<\/strong>; SAITO, L. . <strong><em>The electronic judicial proceeding in Brazil<\/em><\/strong>. Revista de Direito de Inform\u00e1tica e Telecomunica\u00e7\u00f5es, v. 12, p. 78-87, 2012.<\/span><\/p>\n<p><span style=\"color: #000000\">13. <strong>VINCENZI, Brunela Vieira de<\/strong>. <strong><em>Buchbesprechung: Wald, Arnoldo\/Lemes, Selma Ferreira, International Commercial Arbitration: New York Convention and Brazilian Law.<\/em><\/strong> SchiedsVZ, v. 3\/2012, p. 153-154, 2012.<\/span><\/p>\n<p><span style=\"color: #000000\">14. <strong>VINCENZI, Brunela Vieira de<\/strong>. <em><strong><a href=\"https:\/\/www.academia.edu\/31450874\/ARBITRATION_BETWEEN_BRAZILIAN_AND_GERMAN_COMPANIES_OVERVIEW_AND_EXPEDITED_DISPUTE_RESOLUTION_TOOLS_FOR_MEGA_SPORTS_EVENTS\" target=\"_blank\" rel=\"noopener\">Arbitration between Brazilian and German Companies<\/a>.<\/strong><\/em> Revista de Arbitragem e Media\u00e7\u00e3o, v. 31, p. 81-99, 2011.<\/span><\/p>\n<p><span style=\"color: #000000\">15. <strong>VINCENZI, Brunela Vieira de<\/strong>. <em><strong>Fase p\u00f3s-arbitragem: problemas posteriores ao processo de homologa\u00e7\u00e3o de senten\u00e7a estrangeira e o comportamento temer\u00e1rio das partes.<\/strong><\/em>\u00a0Revista de Arbitragem e Media\u00e7\u00e3o, v. 26, p. 76-84, 2010.<\/span><\/p>\n<p><span style=\"color: #000000\">16. <strong>VINCENZI, Brunela Vieira de<\/strong>. <a href=\"https:\/\/www.academia.edu\/31450642\/COMPET%C3%8ANCIA_FUNCIONAL_-DISTOR%C3%87%C3%95ES\" target=\"_blank\" rel=\"noopener\"><strong><em>Compet\u00eancia funcional &#8211; distor\u00e7\u00f5es<\/em><\/strong><\/a>. Revista de Processo, v. 105, p. 265-265, 2002.<\/span><\/p>\n","protected":false},"excerpt":{"rendered":"<p>ARTIGOS (em peri\u00f3dicos) 1. VINCENZI, Brunela Vieira de. Semantic Reversal: Individual, Person, Individualism, Individualization, and Subject of Fundamental Rights. University of Baltimore Journal of International Law, v. 5, p. 68-93, 2017. 2. SIVIERO, Karime Silva; VINCENZI, Brunela Vieira de. A import\u00e2ncia da autocomposi\u00e7\u00e3o a partir das teorias de J\u00fcrgen Habermas e Axel Honneth. Revista Brasileira [&hellip;]<\/p>\n","protected":false},"author":315,"featured_media":0,"parent":0,"menu_order":0,"comment_status":"closed","ping_status":"closed","template":"","meta":{"_bbp_topic_count":0,"_bbp_reply_count":0,"_bbp_total_topic_count":0,"_bbp_total_reply_count":0,"_bbp_voice_count":0,"_bbp_anonymous_reply_count":0,"_bbp_topic_count_hidden":0,"_bbp_reply_count_hidden":0,"_bbp_forum_subforum_count":0,"_uag_custom_page_level_css":"","footnotes":""},"class_list":["post-11","page","type-page","status-publish","hentry"],"uagb_featured_image_src":{"full":false,"thumbnail":false,"medium":false,"medium_large":false,"large":false,"1536x1536":false,"2048x2048":false,"post-thumbnail":false},"uagb_author_info":{"display_name":"Brunela Vieira de Vincenzi","author_link":"https:\/\/blog.ufes.br\/vicenzi\/author\/brunela-vicenzi\/"},"uagb_comment_info":0,"uagb_excerpt":"ARTIGOS (em peri\u00f3dicos) 1. VINCENZI, Brunela Vieira de. Semantic Reversal: Individual, Person, Individualism, Individualization, and Subject of Fundamental Rights. University of Baltimore Journal of International Law, v. 5, p. 68-93, 2017. 2. SIVIERO, Karime Silva; VINCENZI, Brunela Vieira de. A import\u00e2ncia da autocomposi\u00e7\u00e3o a partir das teorias de J\u00fcrgen Habermas e Axel Honneth. Revista Brasileira&hellip;","_links":{"self":[{"href":"https:\/\/blog.ufes.br\/vicenzi\/wp-json\/wp\/v2\/pages\/11","targetHints":{"allow":["GET"]}}],"collection":[{"href":"https:\/\/blog.ufes.br\/vicenzi\/wp-json\/wp\/v2\/pages"}],"about":[{"href":"https:\/\/blog.ufes.br\/vicenzi\/wp-json\/wp\/v2\/types\/page"}],"author":[{"embeddable":true,"href":"https:\/\/blog.ufes.br\/vicenzi\/wp-json\/wp\/v2\/users\/315"}],"replies":[{"embeddable":true,"href":"https:\/\/blog.ufes.br\/vicenzi\/wp-json\/wp\/v2\/comments?post=11"}],"version-history":[{"count":13,"href":"https:\/\/blog.ufes.br\/vicenzi\/wp-json\/wp\/v2\/pages\/11\/revisions"}],"predecessor-version":[{"id":193,"href":"https:\/\/blog.ufes.br\/vicenzi\/wp-json\/wp\/v2\/pages\/11\/revisions\/193"}],"wp:attachment":[{"href":"https:\/\/blog.ufes.br\/vicenzi\/wp-json\/wp\/v2\/media?parent=11"}],"curies":[{"name":"wp","href":"https:\/\/api.w.org\/{rel}","templated":true}]}}