{"id":111,"date":"2017-08-02T01:04:52","date_gmt":"2017-08-02T04:04:52","guid":{"rendered":"http:\/\/blog.ufes.br\/vicenzi\/?page_id=111"},"modified":"2017-08-02T01:53:44","modified_gmt":"2017-08-02T04:53:44","slug":"mestrado-ppgdir","status":"publish","type":"page","link":"https:\/\/blog.ufes.br\/vicenzi\/mestrado-ppgdir\/","title":{"rendered":"Mestrado (PPGDIR)"},"content":{"rendered":"<p><strong>2017\/2<\/strong><\/p>\n<p>PDIR 1001 (60h)\u00a0<em><strong><a href=\"http:\/\/www.direito.ufes.br\/pt-br\/pos-graduacao\/PPGDIR\/detalhes-da-disciplina?id=PDIR-1001%20%20%20%20%20%20\" target=\"_blank\" rel=\"noopener\">Justi\u00e7a, Processo e \u00c9tica<\/a><\/strong><\/em>\u00a0(Disciplina Obrigat\u00f3ria).<\/p>\n<p><strong>2017\/1<\/strong><\/p>\n<p>PDIR 1001 (60h)\u00a0<em><strong><a href=\"http:\/\/www.direito.ufes.br\/pt-br\/pos-graduacao\/PPGDIR\/detalhes-da-disciplina?id=PDIR-1001%20%20%20%20%20%20\" target=\"_blank\" rel=\"noopener\">Justi\u00e7a, Processo e \u00c9tica<\/a><\/strong><\/em>\u00a0(Disciplina Obrigat\u00f3ria).<\/p>\n<p><strong>2016\/2<\/strong><\/p>\n<p>PDIR 1001 (60h)\u00a0<em><strong><a href=\"http:\/\/www.direito.ufes.br\/pt-br\/pos-graduacao\/PPGDIR\/detalhes-da-disciplina?id=PDIR-1001%20%20%20%20%20%20\" target=\"_blank\" rel=\"noopener\">Justi\u00e7a, Processo e \u00c9tica<\/a><\/strong><\/em>\u00a0(Disciplina Obrigat\u00f3ria).<\/p>\n<p><strong>2016\/1<\/strong><\/p>\n<p>PDIR 1001 (60h)\u00a0<em><strong><a href=\"http:\/\/www.direito.ufes.br\/pt-br\/pos-graduacao\/PPGDIR\/detalhes-da-disciplina?id=PDIR-1001%20%20%20%20%20%20\" target=\"_blank\" rel=\"noopener\">Justi\u00e7a, Processo e \u00c9tica<\/a><\/strong><\/em>\u00a0(Disciplina Obrigat\u00f3ria).<\/p>\n<p><strong>2015\/2<\/strong><\/p>\n<p>PDIR 1001 (60h)\u00a0<em><strong><a href=\"http:\/\/www.direito.ufes.br\/pt-br\/pos-graduacao\/PPGDIR\/detalhes-da-disciplina?id=PDIR-1001%20%20%20%20%20%20\" target=\"_blank\" rel=\"noopener\">Justi\u00e7a, Processo e \u00c9tica<\/a><\/strong><\/em>\u00a0(Disciplina Obrigat\u00f3ria).<\/p>\n<p><strong>2014\/1<\/strong><\/p>\n<p>PDIR-1028 (60h)\u00a0<a href=\"http:\/\/www.direito.ufes.br\/pt-br\/pos-graduacao\/PPGDIR\/detalhes-da-disciplina?id=PDIR-1028%20%20%20%20%20%20\" target=\"_blank\" rel=\"noopener\"><strong><em>Temas de Direito Processual II: filosofia, justi\u00e7a e fun\u00e7\u00e3o do poder judici\u00e1rio<\/em><\/strong><\/a>.<\/p>\n<p>&nbsp;<\/p>\n<p>&nbsp;<\/p>\n","protected":false},"excerpt":{"rendered":"<p>2017\/2 PDIR 1001 (60h)\u00a0Justi\u00e7a, Processo e \u00c9tica\u00a0(Disciplina Obrigat\u00f3ria). 2017\/1 PDIR 1001 (60h)\u00a0Justi\u00e7a, Processo e \u00c9tica\u00a0(Disciplina Obrigat\u00f3ria). 2016\/2 PDIR 1001 (60h)\u00a0Justi\u00e7a, Processo e \u00c9tica\u00a0(Disciplina Obrigat\u00f3ria). 2016\/1 PDIR 1001 (60h)\u00a0Justi\u00e7a, Processo e \u00c9tica\u00a0(Disciplina Obrigat\u00f3ria). 2015\/2 PDIR 1001 (60h)\u00a0Justi\u00e7a, Processo e \u00c9tica\u00a0(Disciplina Obrigat\u00f3ria). 2014\/1 PDIR-1028 (60h)\u00a0Temas de Direito Processual II: filosofia, justi\u00e7a e fun\u00e7\u00e3o do poder judici\u00e1rio. &nbsp; [&hellip;]<\/p>\n","protected":false},"author":315,"featured_media":0,"parent":0,"menu_order":0,"comment_status":"closed","ping_status":"closed","template":"","meta":{"_bbp_topic_count":0,"_bbp_reply_count":0,"_bbp_total_topic_count":0,"_bbp_total_reply_count":0,"_bbp_voice_count":0,"_bbp_anonymous_reply_count":0,"_bbp_topic_count_hidden":0,"_bbp_reply_count_hidden":0,"_bbp_forum_subforum_count":0,"_uag_custom_page_level_css":"","footnotes":""},"class_list":["post-111","page","type-page","status-publish","hentry"],"uagb_featured_image_src":{"full":false,"thumbnail":false,"medium":false,"medium_large":false,"large":false,"1536x1536":false,"2048x2048":false,"post-thumbnail":false},"uagb_author_info":{"display_name":"Brunela Vieira de Vincenzi","author_link":"https:\/\/blog.ufes.br\/vicenzi\/author\/brunela-vicenzi\/"},"uagb_comment_info":0,"uagb_excerpt":"2017\/2 PDIR 1001 (60h)\u00a0Justi\u00e7a, Processo e \u00c9tica\u00a0(Disciplina Obrigat\u00f3ria). 2017\/1 PDIR 1001 (60h)\u00a0Justi\u00e7a, Processo e \u00c9tica\u00a0(Disciplina Obrigat\u00f3ria). 2016\/2 PDIR 1001 (60h)\u00a0Justi\u00e7a, Processo e \u00c9tica\u00a0(Disciplina Obrigat\u00f3ria). 2016\/1 PDIR 1001 (60h)\u00a0Justi\u00e7a, Processo e \u00c9tica\u00a0(Disciplina Obrigat\u00f3ria). 2015\/2 PDIR 1001 (60h)\u00a0Justi\u00e7a, Processo e \u00c9tica\u00a0(Disciplina Obrigat\u00f3ria). 2014\/1 PDIR-1028 (60h)\u00a0Temas de Direito Processual II: filosofia, justi\u00e7a e fun\u00e7\u00e3o do poder judici\u00e1rio. &nbsp;&hellip;","_links":{"self":[{"href":"https:\/\/blog.ufes.br\/vicenzi\/wp-json\/wp\/v2\/pages\/111","targetHints":{"allow":["GET"]}}],"collection":[{"href":"https:\/\/blog.ufes.br\/vicenzi\/wp-json\/wp\/v2\/pages"}],"about":[{"href":"https:\/\/blog.ufes.br\/vicenzi\/wp-json\/wp\/v2\/types\/page"}],"author":[{"embeddable":true,"href":"https:\/\/blog.ufes.br\/vicenzi\/wp-json\/wp\/v2\/users\/315"}],"replies":[{"embeddable":true,"href":"https:\/\/blog.ufes.br\/vicenzi\/wp-json\/wp\/v2\/comments?post=111"}],"version-history":[{"count":7,"href":"https:\/\/blog.ufes.br\/vicenzi\/wp-json\/wp\/v2\/pages\/111\/revisions"}],"predecessor-version":[{"id":140,"href":"https:\/\/blog.ufes.br\/vicenzi\/wp-json\/wp\/v2\/pages\/111\/revisions\/140"}],"wp:attachment":[{"href":"https:\/\/blog.ufes.br\/vicenzi\/wp-json\/wp\/v2\/media?parent=111"}],"curies":[{"name":"wp","href":"https:\/\/api.w.org\/{rel}","templated":true}]}}