{"id":117,"date":"2017-08-02T01:06:50","date_gmt":"2017-08-02T04:06:50","guid":{"rendered":"http:\/\/blog.ufes.br\/vicenzi\/?page_id=117"},"modified":"2017-08-20T17:12:01","modified_gmt":"2017-08-20T20:12:01","slug":"cordenadoria-do-ccje","status":"publish","type":"page","link":"https:\/\/blog.ufes.br\/vicenzi\/cordenadoria-do-ccje\/","title":{"rendered":"Cordenadoria do CCJE"},"content":{"rendered":"<p><span style=\"color: #000000\">Os docentes do CCJE desenvolvem importantes projetos e programas de extens\u00e3o nas v\u00e1rias \u00e1reas de conhecimento em que atuam. <\/span><\/p>\n<p><span style=\"color: #000000\">Os projetos podem ser acessados no <a href=\"http:\/\/siex1.ufes.br\">Sistema de Informa\u00e7\u00e3o da Pr\u00f3-Reitoria de Extens\u00e3o (PROEX\/UFES)<\/a>:<\/span><\/p>\n<p><span style=\"color: #000000\">O CCJE possui uma sala exclusiva para atendimento aos alunos e professores que queiram tirar suas d\u00favidas acerca da extens\u00e3o, seus projetos, programas e editais.<\/span><\/p>\n<p><span style=\"color: #000000\"><strong>INFORMA\u00c7\u00d5ES<\/strong><\/span><\/p>\n<p><span style=\"color: #000000\">Coordenadora: Profa. Brunela Vieira de Vincenzi. <\/span><\/p>\n<p><span style=\"color: #000000\">Secretaria: Hilquias Moura Crispim.<\/span><\/p>\n<p><span style=\"color: #000000\">Sala 804 &#8211; ED VIII<\/span><\/p>\n<p><span style=\"color: #000000\">Telefone: 3335-9807<\/span><\/p>\n<p><span style=\"color: #000000\">Atendimento: das 13 \u00e0s 19 horas.<\/span><\/p>\n<p>&nbsp;<\/p>\n<p><span style=\"color: #000000\">Para maiores informa\u00e7\u00f5es: <a href=\"http:\/\/www.ccje.ufes.br\/extens%C3%A3o\">CCJE\/Ufes &#8211; Extens\u00e3o<\/a><\/span><\/p>\n","protected":false},"excerpt":{"rendered":"<p>Os docentes do CCJE desenvolvem importantes projetos e programas de extens\u00e3o nas v\u00e1rias \u00e1reas de conhecimento em que atuam. Os projetos podem ser acessados no Sistema de Informa\u00e7\u00e3o da Pr\u00f3-Reitoria de Extens\u00e3o (PROEX\/UFES): O CCJE possui uma sala exclusiva para atendimento aos alunos e professores que queiram tirar suas d\u00favidas acerca da extens\u00e3o, seus projetos, [&hellip;]<\/p>\n","protected":false},"author":315,"featured_media":0,"parent":0,"menu_order":0,"comment_status":"closed","ping_status":"closed","template":"","meta":{"_bbp_topic_count":0,"_bbp_reply_count":0,"_bbp_total_topic_count":0,"_bbp_total_reply_count":0,"_bbp_voice_count":0,"_bbp_anonymous_reply_count":0,"_bbp_topic_count_hidden":0,"_bbp_reply_count_hidden":0,"_bbp_forum_subforum_count":0,"_uag_custom_page_level_css":"","footnotes":""},"class_list":["post-117","page","type-page","status-publish","hentry"],"uagb_featured_image_src":{"full":false,"thumbnail":false,"medium":false,"medium_large":false,"large":false,"1536x1536":false,"2048x2048":false,"post-thumbnail":false},"uagb_author_info":{"display_name":"Brunela Vieira de Vincenzi","author_link":"https:\/\/blog.ufes.br\/vicenzi\/author\/brunela-vicenzi\/"},"uagb_comment_info":0,"uagb_excerpt":"Os docentes do CCJE desenvolvem importantes projetos e programas de extens\u00e3o nas v\u00e1rias \u00e1reas de conhecimento em que atuam. Os projetos podem ser acessados no Sistema de Informa\u00e7\u00e3o da Pr\u00f3-Reitoria de Extens\u00e3o (PROEX\/UFES): O CCJE possui uma sala exclusiva para atendimento aos alunos e professores que queiram tirar suas d\u00favidas acerca da extens\u00e3o, seus projetos,&hellip;","_links":{"self":[{"href":"https:\/\/blog.ufes.br\/vicenzi\/wp-json\/wp\/v2\/pages\/117","targetHints":{"allow":["GET"]}}],"collection":[{"href":"https:\/\/blog.ufes.br\/vicenzi\/wp-json\/wp\/v2\/pages"}],"about":[{"href":"https:\/\/blog.ufes.br\/vicenzi\/wp-json\/wp\/v2\/types\/page"}],"author":[{"embeddable":true,"href":"https:\/\/blog.ufes.br\/vicenzi\/wp-json\/wp\/v2\/users\/315"}],"replies":[{"embeddable":true,"href":"https:\/\/blog.ufes.br\/vicenzi\/wp-json\/wp\/v2\/comments?post=117"}],"version-history":[{"count":5,"href":"https:\/\/blog.ufes.br\/vicenzi\/wp-json\/wp\/v2\/pages\/117\/revisions"}],"predecessor-version":[{"id":188,"href":"https:\/\/blog.ufes.br\/vicenzi\/wp-json\/wp\/v2\/pages\/117\/revisions\/188"}],"wp:attachment":[{"href":"https:\/\/blog.ufes.br\/vicenzi\/wp-json\/wp\/v2\/media?parent=117"}],"curies":[{"name":"wp","href":"https:\/\/api.w.org\/{rel}","templated":true}]}}