{"id":130,"date":"2017-08-02T01:10:08","date_gmt":"2017-08-02T04:10:08","guid":{"rendered":"http:\/\/blog.ufes.br\/vicenzi\/?page_id=130"},"modified":"2017-08-20T17:14:17","modified_gmt":"2017-08-20T20:14:17","slug":"programasprojetos","status":"publish","type":"page","link":"https:\/\/blog.ufes.br\/vicenzi\/programasprojetos\/","title":{"rendered":"Programas\/Projetos"},"content":{"rendered":"<p><span style=\"color: #000000\">Programas e Projetos de Extens\u00e3o aos quais integra como Coordenadora.<\/span><\/p>\n<p><span style=\"color: #000000\"><strong>PROGRAMA DE EXTENS\u00c3O LIGA UNIVERSIT\u00c1RIA DE DIREITO DA UFES \u2013 LUDUFES.<\/strong><\/span><br \/>\n<span style=\"color: #000000\">1. Projeto de Extens\u00e3o \u201cCineclube Legal\u201d.<\/span><br \/>\n<span style=\"color: #000000\">2. Projeto de Extens\u00e3o \u201cSiONU-UFES\u201d.<\/span><br \/>\n<span style=\"color: #000000\">3. Projeto de Extens\u00e3o \u201cGrupo de Debate\u201d.<\/span><br \/>\n<span style=\"color: #000000\">4. Projeto de Extens\u00e3o \u201cJ\u00fari Simulado\u201d.<\/span><\/p>\n<p><span style=\"color: #000000\"><strong>PROGRAMA DE EXTENS\u00c3O N\u00daCLEO DE PESQUISA E EXTENS\u00c3O EM RELA\u00c7\u00d5ES INTERNACIONAIS DA UFES \u2013 NERI UFES.<\/strong><\/span><br \/>\n<span style=\"color: #000000\">1. Projeto de Extens\u00e3o \u201cCurso de Extens\u00e3o em Rela\u00e7\u00f5es Internacionais\u201d.<\/span><br \/>\n<span style=\"color: #000000\">2. Projeto de Extens\u00e3o \u201cCurso de Extens\u00e3o Justi\u00e7a Transnacional, Advocacia Internacional e o C\u00f3digo de Processo Civil-15\u201d. <\/span><br \/>\n<span style=\"color: #000000\">3. Projeto de Extens\u00e3o \u201cDireito Internacional e Rela\u00e7\u00f5es Internacionais\u201d.<\/span><br \/>\n<span style=\"color: #000000\">4. Projeto de Extens\u00e3o \u201cGrupo de Extens\u00e3o e Treinamento em Advocacia Internacional\u201d.<\/span><\/p>\n<p><span style=\"color: #000000\"><strong>PROGRAMA DE EXTENS\u00c3O N\u00daCLEO DE ESTRANGEIROS NA UFES, MIGRANTES E REFUGIADOS \u2013 NEMIRE UFES.<\/strong><\/span><br \/>\n<span style=\"color: #000000\">1. Projeto de Extens\u00e3o \u201cDocument\u00e1rio Refugiados\u201d.<\/span><br \/>\n<span style=\"color: #000000\">2. Projeto de Extens\u00e3o \u201cL\u00edngua e Cultura \u00c1rabes: a constru\u00e7\u00e3o da Cidadania por meio da L\u00edngua\u201d.<\/span><br \/>\n<span style=\"color: #000000\">3. Projeto de Extens\u00e3o \u201cL\u00edngua Portuguesa e Cultura Brasileira: a constru\u00e7\u00e3o da Cidadania por meio da L\u00edngua\u201d.<\/span><\/p>\n<p><span style=\"color: #000000\"><strong>PROGRAMA DE EXTENS\u00c3O N\u00daCLEO DE EXTENS\u00c3O E PESQUISA SOBRE VIOL\u00caNCIA CONTRA A MULHER NO ESP\u00cdRITO SANTO \u2013 NEPVIM UFES.<\/strong><\/span><br \/>\n<span style=\"color: #000000\">1. Projeto de Extens\u00e3o \u201cA\u00e7\u00f5es de apoio \u00e0 ONU Brasil Mulheres na Ufes\u201d.<\/span><br \/>\n<span style=\"color: #000000\">2. Projeto de Extens\u00e3o &#8220;Direitos Pr\u00f3-G\u00eanero&#8221; (membro)<\/span><\/p>\n<p><span style=\"color: #000000\"><strong>PROGRAMA DE EXTENS\u00c3O N\u00daCLEO DE DIREITOS HUMANOS DA UFES \u2013 NDH.<\/strong><\/span><br \/>\n<span style=\"color: #000000\">1. Projeto de Extens\u00e3o \u201cDireitos Humanos e Novos Direitos: di\u00e1logos\u201d.<\/span><br \/>\n<span style=\"color: #000000\">2. Projeto de Extens\u00e3o \u201cDireitos Humanos, \u00c9tica e Legisla\u00e7\u00e3o\u201d.<\/span><\/p>\n","protected":false},"excerpt":{"rendered":"<p>Programas e Projetos de Extens\u00e3o aos quais integra como Coordenadora. PROGRAMA DE EXTENS\u00c3O LIGA UNIVERSIT\u00c1RIA DE DIREITO DA UFES \u2013 LUDUFES. 1. Projeto de Extens\u00e3o \u201cCineclube Legal\u201d. 2. Projeto de Extens\u00e3o \u201cSiONU-UFES\u201d. 3. Projeto de Extens\u00e3o \u201cGrupo de Debate\u201d. 4. Projeto de Extens\u00e3o \u201cJ\u00fari Simulado\u201d. PROGRAMA DE EXTENS\u00c3O N\u00daCLEO DE PESQUISA E EXTENS\u00c3O EM RELA\u00c7\u00d5ES [&hellip;]<\/p>\n","protected":false},"author":315,"featured_media":0,"parent":0,"menu_order":0,"comment_status":"closed","ping_status":"closed","template":"","meta":{"_bbp_topic_count":0,"_bbp_reply_count":0,"_bbp_total_topic_count":0,"_bbp_total_reply_count":0,"_bbp_voice_count":0,"_bbp_anonymous_reply_count":0,"_bbp_topic_count_hidden":0,"_bbp_reply_count_hidden":0,"_bbp_forum_subforum_count":0,"_uag_custom_page_level_css":"","footnotes":""},"class_list":["post-130","page","type-page","status-publish","hentry"],"uagb_featured_image_src":{"full":false,"thumbnail":false,"medium":false,"medium_large":false,"large":false,"1536x1536":false,"2048x2048":false,"post-thumbnail":false},"uagb_author_info":{"display_name":"Brunela Vieira de Vincenzi","author_link":"https:\/\/blog.ufes.br\/vicenzi\/author\/brunela-vicenzi\/"},"uagb_comment_info":0,"uagb_excerpt":"Programas e Projetos de Extens\u00e3o aos quais integra como Coordenadora. PROGRAMA DE EXTENS\u00c3O LIGA UNIVERSIT\u00c1RIA DE DIREITO DA UFES \u2013 LUDUFES. 1. Projeto de Extens\u00e3o \u201cCineclube Legal\u201d. 2. Projeto de Extens\u00e3o \u201cSiONU-UFES\u201d. 3. Projeto de Extens\u00e3o \u201cGrupo de Debate\u201d. 4. Projeto de Extens\u00e3o \u201cJ\u00fari Simulado\u201d. PROGRAMA DE EXTENS\u00c3O N\u00daCLEO DE PESQUISA E EXTENS\u00c3O EM RELA\u00c7\u00d5ES&hellip;","_links":{"self":[{"href":"https:\/\/blog.ufes.br\/vicenzi\/wp-json\/wp\/v2\/pages\/130","targetHints":{"allow":["GET"]}}],"collection":[{"href":"https:\/\/blog.ufes.br\/vicenzi\/wp-json\/wp\/v2\/pages"}],"about":[{"href":"https:\/\/blog.ufes.br\/vicenzi\/wp-json\/wp\/v2\/types\/page"}],"author":[{"embeddable":true,"href":"https:\/\/blog.ufes.br\/vicenzi\/wp-json\/wp\/v2\/users\/315"}],"replies":[{"embeddable":true,"href":"https:\/\/blog.ufes.br\/vicenzi\/wp-json\/wp\/v2\/comments?post=130"}],"version-history":[{"count":3,"href":"https:\/\/blog.ufes.br\/vicenzi\/wp-json\/wp\/v2\/pages\/130\/revisions"}],"predecessor-version":[{"id":191,"href":"https:\/\/blog.ufes.br\/vicenzi\/wp-json\/wp\/v2\/pages\/130\/revisions\/191"}],"wp:attachment":[{"href":"https:\/\/blog.ufes.br\/vicenzi\/wp-json\/wp\/v2\/media?parent=130"}],"curies":[{"name":"wp","href":"https:\/\/api.w.org\/{rel}","templated":true}]}}