{"id":14,"date":"2017-08-01T16:26:09","date_gmt":"2017-08-01T19:26:09","guid":{"rendered":"http:\/\/blog.ufes.br\/vicenzi\/?page_id=14"},"modified":"2017-08-20T17:25:08","modified_gmt":"2017-08-20T20:25:08","slug":"csvmufes","status":"publish","type":"page","link":"https:\/\/blog.ufes.br\/vicenzi\/csvmufes\/","title":{"rendered":"C\u00c1TEDRA S\u00c9RGIO VIEIRA DE MELLO (ACNUR-ONU) NA UFES"},"content":{"rendered":"<p><span style=\"color: #000000\">A\u00a0<strong>C\u00e1tedra S\u00e9rg<\/strong><strong>io Vieira de Mello na Ufes (CSVMUfes)<\/strong>\u00a0foi criada em uma parceria entre a Universidade e o\u00a0<em>Alto Comissar<\/em><em>iado das Na\u00e7\u00f5es Unidas para os Refugiados (ACNUR)<\/em>\u00a0em agosto de 2015, e tem como objetivo promover e difundir e Direito Internacional Humanit\u00e1rio, o Direito Internacional dos Direitos Humanos e, em especial, o Direito Internacional dos Refugiados que encontrem-se sob a prote\u00e7\u00e3o internacional do Governo do Brasil, bem como desenvolver atividades que objetivem a incorpora\u00e7\u00e3o da tem\u00e1tica do ref\u00fagio na agenda acad\u00eamica da institui\u00e7\u00e3o, promovendo a forma\u00e7\u00e3o acad\u00eamica e a capacita\u00e7\u00e3o de professores e estudantes sobre essa tem\u00e1tica, al\u00e9m de priorizar o trabalho direto com as pessoas refugiadas e a sua inclus\u00e3o na vida acad\u00eamica.<\/span><a href=\"https:\/\/www.facebook.com\/CSVMUfes\"><br \/>\n<img loading=\"lazy\" decoding=\"async\" class=\"size-medium wp-image-197 aligncenter\" src=\"http:\/\/blog.ufes.br\/vicenzi\/files\/2017\/08\/csvm-acnur_0-300x114.png\" alt=\"\" width=\"300\" height=\"114\" srcset=\"https:\/\/blog.ufes.br\/vicenzi\/files\/2017\/08\/csvm-acnur_0-300x114.png 300w, https:\/\/blog.ufes.br\/vicenzi\/files\/2017\/08\/csvm-acnur_0.png 580w\" sizes=\"auto, (max-width: 300px) 100vw, 300px\" \/><\/a><\/p>\n<p style=\"text-align: center\"><span style=\"color: #333399\">_________________________________________________________________<\/span><\/p>\n<p class=\"rtejustify\"><span style=\"color: #000000\"><strong>N\u00facleo de Estrangeiros na Ufes, Migrantes e Refugiados (NEMIRE)<\/strong><\/span><\/p>\n<div class=\"rtejustify\"><span style=\"color: #000000\">O\u00a0<strong>N\u00facleo de Estrangeiros na Ufes, Migrantes e Refugiados (NEMIRE)<\/strong>\u00a0\u00e9 um programa de ensino, pesquisa e extens\u00e3o da Universidade Federal do Esp\u00edrito Santo, do qual integram estudantes de Gradua\u00e7\u00e3o e de P\u00f3s-Gradua\u00e7\u00e3o, Docentes, T\u00e9cnicos-Administrativos e Colaboradores(as) Externos(as), com o objetivo promover e difundir o Direito Internacional Humanit\u00e1rio, o Direito Internacional dos Direitos Humanos e, em especial, o Direito Internacional dos Refugiados.<\/span><\/div>\n<div class=\"rtejustify\"><span style=\"color: #000000\">\u00a0<\/span><\/div>\n<div class=\"rtejustify\"><span style=\"color: #000000\">O NEMIRE tem como alvo a promo\u00e7\u00e3o e o incentivo \u00e0 produ\u00e7\u00e3o cient\u00edfica no \u00e2mbito acad\u00eamico, apoiado no princ\u00edpio norteador de que a experi\u00eancia discente na Universidade s\u00f3 ser\u00e1 completa com o acesso pleno a atividades de ensino-pesquisa-extens\u00e3o, possibilitando, assim, a constru\u00e7\u00e3o de um ambiente de debate e constru\u00e7\u00e3o do conhecimento.<\/span><a href=\"http:\/\/www.acnur.org\/portugues\/quem-ajudamos\"><img loading=\"lazy\" decoding=\"async\" class=\"size-medium wp-image-199 aligncenter\" src=\"http:\/\/blog.ufes.br\/vicenzi\/files\/2017\/08\/refugees-are-human-beings-300x124.png\" alt=\"\" width=\"300\" height=\"124\" srcset=\"https:\/\/blog.ufes.br\/vicenzi\/files\/2017\/08\/refugees-are-human-beings-300x124.png 300w, https:\/\/blog.ufes.br\/vicenzi\/files\/2017\/08\/refugees-are-human-beings.png 580w\" sizes=\"auto, (max-width: 300px) 100vw, 300px\" \/><\/a><\/div>\n<p>&nbsp;<\/p>\n<p style=\"text-align: center\"><span style=\"color: #000000\"><strong>Para mais informa\u00e7\u00f5es acesse o site:<\/strong><\/span><\/p>\n<p style=\"text-align: center\"><span style=\"color: #000000\"><a href=\"http:\/\/www.csvm.ufes.br\" target=\"_blank\" rel=\"noopener\">http:\/\/www.csvm.ufes.br<\/a><\/span><\/p>\n","protected":false},"excerpt":{"rendered":"<p>A\u00a0C\u00e1tedra S\u00e9rgio Vieira de Mello na Ufes (CSVMUfes)\u00a0foi criada em uma parceria entre a Universidade e o\u00a0Alto Comissariado das Na\u00e7\u00f5es Unidas para os Refugiados (ACNUR)\u00a0em agosto de 2015, e tem como objetivo promover e difundir e Direito Internacional Humanit\u00e1rio, o Direito Internacional dos Direitos Humanos e, em especial, o Direito Internacional dos Refugiados que encontrem-se [&hellip;]<\/p>\n","protected":false},"author":315,"featured_media":0,"parent":0,"menu_order":0,"comment_status":"closed","ping_status":"closed","template":"","meta":{"_bbp_topic_count":0,"_bbp_reply_count":0,"_bbp_total_topic_count":0,"_bbp_total_reply_count":0,"_bbp_voice_count":0,"_bbp_anonymous_reply_count":0,"_bbp_topic_count_hidden":0,"_bbp_reply_count_hidden":0,"_bbp_forum_subforum_count":0,"_uag_custom_page_level_css":"","footnotes":""},"class_list":["post-14","page","type-page","status-publish","hentry"],"uagb_featured_image_src":{"full":false,"thumbnail":false,"medium":false,"medium_large":false,"large":false,"1536x1536":false,"2048x2048":false,"post-thumbnail":false},"uagb_author_info":{"display_name":"Brunela Vieira de Vincenzi","author_link":"https:\/\/blog.ufes.br\/vicenzi\/author\/brunela-vicenzi\/"},"uagb_comment_info":0,"uagb_excerpt":"A\u00a0C\u00e1tedra S\u00e9rgio Vieira de Mello na Ufes (CSVMUfes)\u00a0foi criada em uma parceria entre a Universidade e o\u00a0Alto Comissariado das Na\u00e7\u00f5es Unidas para os Refugiados (ACNUR)\u00a0em agosto de 2015, e tem como objetivo promover e difundir e Direito Internacional Humanit\u00e1rio, o Direito Internacional dos Direitos Humanos e, em especial, o Direito Internacional dos Refugiados que encontrem-se&hellip;","_links":{"self":[{"href":"https:\/\/blog.ufes.br\/vicenzi\/wp-json\/wp\/v2\/pages\/14","targetHints":{"allow":["GET"]}}],"collection":[{"href":"https:\/\/blog.ufes.br\/vicenzi\/wp-json\/wp\/v2\/pages"}],"about":[{"href":"https:\/\/blog.ufes.br\/vicenzi\/wp-json\/wp\/v2\/types\/page"}],"author":[{"embeddable":true,"href":"https:\/\/blog.ufes.br\/vicenzi\/wp-json\/wp\/v2\/users\/315"}],"replies":[{"embeddable":true,"href":"https:\/\/blog.ufes.br\/vicenzi\/wp-json\/wp\/v2\/comments?post=14"}],"version-history":[{"count":5,"href":"https:\/\/blog.ufes.br\/vicenzi\/wp-json\/wp\/v2\/pages\/14\/revisions"}],"predecessor-version":[{"id":201,"href":"https:\/\/blog.ufes.br\/vicenzi\/wp-json\/wp\/v2\/pages\/14\/revisions\/201"}],"wp:attachment":[{"href":"https:\/\/blog.ufes.br\/vicenzi\/wp-json\/wp\/v2\/media?parent=14"}],"curies":[{"name":"wp","href":"https:\/\/api.w.org\/{rel}","templated":true}]}}