{"id":15,"date":"2017-08-01T16:26:09","date_gmt":"2017-08-01T19:26:09","guid":{"rendered":"http:\/\/blog.ufes.br\/vicenzi\/?page_id=15"},"modified":"2017-08-20T17:27:44","modified_gmt":"2017-08-20T20:27:44","slug":"cpdhufes","status":"publish","type":"page","link":"https:\/\/blog.ufes.br\/vicenzi\/cpdhufes\/","title":{"rendered":"COMISS\u00c3O PERMANENTE DE DIREITOS HUMANOS DA UFES"},"content":{"rendered":"<p><span style=\"color: #000000\"><img loading=\"lazy\" decoding=\"async\" class=\"size-medium wp-image-202 aligncenter\" src=\"http:\/\/blog.ufes.br\/vicenzi\/files\/2017\/08\/logo_cpdh-300x212.jpg\" alt=\"\" width=\"300\" height=\"212\" srcset=\"https:\/\/blog.ufes.br\/vicenzi\/files\/2017\/08\/logo_cpdh-300x212.jpg 300w, https:\/\/blog.ufes.br\/vicenzi\/files\/2017\/08\/logo_cpdh.jpg 580w\" sizes=\"auto, (max-width: 300px) 100vw, 300px\" \/><\/span><\/p>\n<p><span style=\"color: #000000\">A Comiss\u00e3o Permanente de Direitos Humanos da Ufes foi criada pelo Gabinete da Reitoria por meio da Portaria n\u00ba 2.627, de 3 de dezembro de 2015, e se guia pelos seguintes princ\u00edpios:\u00a0<\/span><\/p>\n<p><span style=\"color: #000000\"><strong>Miss\u00e3o<\/strong><\/span><\/p>\n<p><span style=\"color: #000000\">Promover e garantir os direitos humanos na comunidade acad\u00eamica, por meio do ensino, da pesquisa e da extens\u00e3o, da qualifica\u00e7\u00e3o das pol\u00edticas p\u00fablicas e dos organismos de participa\u00e7\u00e3o social; atuar de forma proativa na promo\u00e7\u00e3o e defesa da democracia, da cultura de direitos humanos, na formula\u00e7\u00e3o de pol\u00edticas institucionais, na sustentabilidade ambiental, na paz, no atendimento humanizado; bem como favorecer a mobiliza\u00e7\u00e3o e orienta\u00e7\u00e3o a todos os interessados na solu\u00e7\u00e3o amistosa de conflitos, conforme a laicidade e o Estado de Direito.<\/span><\/p>\n<p><span style=\"color: #000000\"><strong>Vis\u00e3o<\/strong><\/span><\/p>\n<p><span style=\"color: #000000\">Ser refer\u00eancia e agente de educa\u00e7\u00e3o em direitos humanos e da melhoria da qualidade de vida no ambiente universit\u00e1rio e na sociedade.<\/span><\/p>\n<p><span style=\"color: #000000\"><strong>Valores<\/strong><\/span><\/p>\n<p><span style=\"color: #000000\">Da \u00e9tica; da democracia; da toler\u00e2ncia; da igualdade; da transpar\u00eancia; da liberdade; da inclus\u00e3o; da pluralidade; do apre\u00e7o \u00e0 ci\u00eancia; e do respeito aos direitos humanos.<\/span><\/p>\n<p style=\"text-align: center\"><span style=\"color: #000000\"><strong>Para mais informa\u00e7\u00f5es acesse o site:<\/strong><\/span><\/p>\n<p style=\"text-align: center\"><span style=\"color: #000000\"><a href=\"http:\/\/cpdh.ufes.br\" target=\"_blank\" rel=\"noopener\">http:\/\/cpdh.ufes.br<\/a><\/span><\/p>\n","protected":false},"excerpt":{"rendered":"<p>A Comiss\u00e3o Permanente de Direitos Humanos da Ufes foi criada pelo Gabinete da Reitoria por meio da Portaria n\u00ba 2.627, de 3 de dezembro de 2015, e se guia pelos seguintes princ\u00edpios:\u00a0 Miss\u00e3o Promover e garantir os direitos humanos na comunidade acad\u00eamica, por meio do ensino, da pesquisa e da extens\u00e3o, da qualifica\u00e7\u00e3o das pol\u00edticas [&hellip;]<\/p>\n","protected":false},"author":315,"featured_media":0,"parent":0,"menu_order":0,"comment_status":"closed","ping_status":"closed","template":"","meta":{"_bbp_topic_count":0,"_bbp_reply_count":0,"_bbp_total_topic_count":0,"_bbp_total_reply_count":0,"_bbp_voice_count":0,"_bbp_anonymous_reply_count":0,"_bbp_topic_count_hidden":0,"_bbp_reply_count_hidden":0,"_bbp_forum_subforum_count":0,"_uag_custom_page_level_css":"","footnotes":""},"class_list":["post-15","page","type-page","status-publish","hentry"],"uagb_featured_image_src":{"full":false,"thumbnail":false,"medium":false,"medium_large":false,"large":false,"1536x1536":false,"2048x2048":false,"post-thumbnail":false},"uagb_author_info":{"display_name":"Brunela Vieira de Vincenzi","author_link":"https:\/\/blog.ufes.br\/vicenzi\/author\/brunela-vicenzi\/"},"uagb_comment_info":0,"uagb_excerpt":"A Comiss\u00e3o Permanente de Direitos Humanos da Ufes foi criada pelo Gabinete da Reitoria por meio da Portaria n\u00ba 2.627, de 3 de dezembro de 2015, e se guia pelos seguintes princ\u00edpios:\u00a0 Miss\u00e3o Promover e garantir os direitos humanos na comunidade acad\u00eamica, por meio do ensino, da pesquisa e da extens\u00e3o, da qualifica\u00e7\u00e3o das pol\u00edticas&hellip;","_links":{"self":[{"href":"https:\/\/blog.ufes.br\/vicenzi\/wp-json\/wp\/v2\/pages\/15","targetHints":{"allow":["GET"]}}],"collection":[{"href":"https:\/\/blog.ufes.br\/vicenzi\/wp-json\/wp\/v2\/pages"}],"about":[{"href":"https:\/\/blog.ufes.br\/vicenzi\/wp-json\/wp\/v2\/types\/page"}],"author":[{"embeddable":true,"href":"https:\/\/blog.ufes.br\/vicenzi\/wp-json\/wp\/v2\/users\/315"}],"replies":[{"embeddable":true,"href":"https:\/\/blog.ufes.br\/vicenzi\/wp-json\/wp\/v2\/comments?post=15"}],"version-history":[{"count":4,"href":"https:\/\/blog.ufes.br\/vicenzi\/wp-json\/wp\/v2\/pages\/15\/revisions"}],"predecessor-version":[{"id":204,"href":"https:\/\/blog.ufes.br\/vicenzi\/wp-json\/wp\/v2\/pages\/15\/revisions\/204"}],"wp:attachment":[{"href":"https:\/\/blog.ufes.br\/vicenzi\/wp-json\/wp\/v2\/media?parent=15"}],"curies":[{"name":"wp","href":"https:\/\/api.w.org\/{rel}","templated":true}]}}