{"id":157,"date":"2017-08-02T02:50:05","date_gmt":"2017-08-02T05:50:05","guid":{"rendered":"http:\/\/blog.ufes.br\/vicenzi\/?page_id=157"},"modified":"2017-08-20T16:53:17","modified_gmt":"2017-08-20T19:53:17","slug":"titulacao","status":"publish","type":"page","link":"https:\/\/blog.ufes.br\/vicenzi\/titulacao\/","title":{"rendered":"FORM. ACAD\u00caMICA"},"content":{"rendered":"<p><strong><span style=\"color: #000000\">2013 &#8211;\u00a0<\/span><span style=\"color: #000000\">P\u00d3S-DOUTORADO.<\/span><\/strong><br \/>\n<span style=\"color: #000000\"><em>Universidade Federal do Esp\u00edrito Santo, UFES, Brasil.<\/em><\/span><\/p>\n<p><strong><span style=\"color: #000000\">2009 &#8211; 2010 -P\u00d3S-DOUTORADO.<\/span><\/strong><br \/>\n<em><span style=\"color: #000000\">. Institut f\u00fcr Sozialforschung &#8211; Johann Wolfgang Goethe Universit\u00e4t Frankfurt, IFS, Alemanha.<\/span><\/em><br \/>\n<span style=\"color: #000000\"><em>. N\u00facleo de Estudos da Viol\u00eancia &#8211; USP, NEV, Brasil.<\/em> <\/span><\/p>\n<p><span style=\"color: #000000\"><strong>2003 &#8211; 2007 &#8211; DOUTORADO EM DIREITO.<\/strong><\/span><br \/>\n<span style=\"color: #000000\"> <em>Goethe Universit\u00e4t &#8211; Frankfurt am Main, UF, Alemanha.<\/em><\/span><br \/>\n<span style=\"color: #000000\"> <strong>T\u00edtulo:<\/strong> Zur Re-Individualisierung der Grundrechtewirkungen \/ T\u00edtulo de Doutorado reconhecido pela Faculdade de Direito da Universidade de Sao Paulo (USP), Ano de obten\u00e7\u00e3o: 2007.<\/span><br \/>\n<span style=\"color: #000000\"> <strong>Orientador:<\/strong> <a href=\"https:\/\/www.jura.uni-frankfurt.de\/42778379\/guenther\" target=\"_blank\" rel=\"noopener\"><strong>Prof. Dr. Gunther Teubner<\/strong><\/a>.<\/span><br \/>\n<span style=\"color: #000000\"> <strong>Coorientador: <a href=\"https:\/\/www.uni-frankfurt.de\/44526981\/Honneth_Axel\" target=\"_blank\" rel=\"noopener\">Prof. Dr. Axel Honneth.<\/a><\/strong><\/span><br \/>\n<span style=\"color: #000000\"> Bolsista da Coordena\u00e7\u00e3o de Aperfei\u00e7oamento de Pessoal de N\u00edvel Superior, CAPES, Brasil.<\/span><br \/>\n<span style=\"color: #000000\"> Palavras-chave: Direitos Humanos; Direitos Humanos &#8211; Liberdade Religiosa; Garantias Constitucionais; Efetividade do Processo Judicial.<\/span><\/p>\n<p><span style=\"color: #000000\"><strong>1999 &#8211; 2002 &#8211;\u00a0MESTRADO EM DIREITO (Conceito CAPES 6).<\/strong><\/span><br \/>\n<span style=\"color: #000000\"> <em>Universidade de S\u00e3o Paulo, USP, Brasil.<\/em><\/span><br \/>\n<span style=\"color: #000000\"> <strong>T\u00edtulo:<\/strong> A Boa-F\u00e9 no Processo Civil,Ano de Obten\u00e7\u00e3o: 2002.<\/span><br \/>\n<span style=\"color: #000000\"> <strong>Orientador:<\/strong> <a href=\"http:\/\/www.direito.usp.br\/docentes\/processual\/dpc_docentes_antonio_marcato_01.php\" target=\"_blank\" rel=\"noopener\"><strong>Prof. Dr. Antonio Carlos Marcato<\/strong><\/a>.<\/span><br \/>\n<span style=\"color: #000000\"> Palavras-chave: Garantias Constitucionais; Efetividade do Processo Judicial; Limites \u00c9ticos do Processo.<\/span><\/p>\n<p><span style=\"color: #000000\"><strong>1993 &#8211; 1997 &#8211; GRADUA\u00c7\u00c3O EM DIREITO. <\/strong><\/span><br \/>\n<span style=\"color: #000000\"> <em>Universidade Federal do Esp\u00edrito Santo, UFES, Brasil.<\/em><\/span><\/p>\n<p><span style=\"color: #000000\"><strong>1991 &#8211; 1993 &#8211;\u00a0ENSINO M\u00c9DIO (2\u00ba grau). <\/strong><\/span><br \/>\n<span style=\"color: #000000\"> <em>Centro Educacional Leonardo da Vinci, Vit\u00f3ria\/ES, Brasil, CELV, Brasil.<\/em><\/span><\/p>\n","protected":false},"excerpt":{"rendered":"<p>2013 &#8211;\u00a0P\u00d3S-DOUTORADO. Universidade Federal do Esp\u00edrito Santo, UFES, Brasil. 2009 &#8211; 2010 -P\u00d3S-DOUTORADO. . Institut f\u00fcr Sozialforschung &#8211; Johann Wolfgang Goethe Universit\u00e4t Frankfurt, IFS, Alemanha. . N\u00facleo de Estudos da Viol\u00eancia &#8211; USP, NEV, Brasil. 2003 &#8211; 2007 &#8211; DOUTORADO EM DIREITO. Goethe Universit\u00e4t &#8211; Frankfurt am Main, UF, Alemanha. T\u00edtulo: Zur Re-Individualisierung der Grundrechtewirkungen [&hellip;]<\/p>\n","protected":false},"author":315,"featured_media":0,"parent":0,"menu_order":0,"comment_status":"closed","ping_status":"closed","template":"","meta":{"_bbp_topic_count":0,"_bbp_reply_count":0,"_bbp_total_topic_count":0,"_bbp_total_reply_count":0,"_bbp_voice_count":0,"_bbp_anonymous_reply_count":0,"_bbp_topic_count_hidden":0,"_bbp_reply_count_hidden":0,"_bbp_forum_subforum_count":0,"_uag_custom_page_level_css":"","footnotes":""},"class_list":["post-157","page","type-page","status-publish","hentry"],"uagb_featured_image_src":{"full":false,"thumbnail":false,"medium":false,"medium_large":false,"large":false,"1536x1536":false,"2048x2048":false,"post-thumbnail":false},"uagb_author_info":{"display_name":"Brunela Vieira de Vincenzi","author_link":"https:\/\/blog.ufes.br\/vicenzi\/author\/brunela-vicenzi\/"},"uagb_comment_info":0,"uagb_excerpt":"2013 &#8211;\u00a0P\u00d3S-DOUTORADO. Universidade Federal do Esp\u00edrito Santo, UFES, Brasil. 2009 &#8211; 2010 -P\u00d3S-DOUTORADO. . Institut f\u00fcr Sozialforschung &#8211; Johann Wolfgang Goethe Universit\u00e4t Frankfurt, IFS, Alemanha. . N\u00facleo de Estudos da Viol\u00eancia &#8211; USP, NEV, Brasil. 2003 &#8211; 2007 &#8211; DOUTORADO EM DIREITO. Goethe Universit\u00e4t &#8211; Frankfurt am Main, UF, Alemanha. T\u00edtulo: Zur Re-Individualisierung der Grundrechtewirkungen&hellip;","_links":{"self":[{"href":"https:\/\/blog.ufes.br\/vicenzi\/wp-json\/wp\/v2\/pages\/157","targetHints":{"allow":["GET"]}}],"collection":[{"href":"https:\/\/blog.ufes.br\/vicenzi\/wp-json\/wp\/v2\/pages"}],"about":[{"href":"https:\/\/blog.ufes.br\/vicenzi\/wp-json\/wp\/v2\/types\/page"}],"author":[{"embeddable":true,"href":"https:\/\/blog.ufes.br\/vicenzi\/wp-json\/wp\/v2\/users\/315"}],"replies":[{"embeddable":true,"href":"https:\/\/blog.ufes.br\/vicenzi\/wp-json\/wp\/v2\/comments?post=157"}],"version-history":[{"count":10,"href":"https:\/\/blog.ufes.br\/vicenzi\/wp-json\/wp\/v2\/pages\/157\/revisions"}],"predecessor-version":[{"id":163,"href":"https:\/\/blog.ufes.br\/vicenzi\/wp-json\/wp\/v2\/pages\/157\/revisions\/163"}],"wp:attachment":[{"href":"https:\/\/blog.ufes.br\/vicenzi\/wp-json\/wp\/v2\/media?parent=157"}],"curies":[{"name":"wp","href":"https:\/\/api.w.org\/{rel}","templated":true}]}}