{"id":77,"date":"2017-08-01T23:29:36","date_gmt":"2017-08-02T02:29:36","guid":{"rendered":"http:\/\/blog.ufes.br\/vicenzi\/?page_id=77"},"modified":"2017-08-20T17:17:27","modified_gmt":"2017-08-20T20:17:27","slug":"publicacoes","status":"publish","type":"page","link":"https:\/\/blog.ufes.br\/vicenzi\/publicacoes\/","title":{"rendered":"PUBLICA\u00c7\u00d5ES"},"content":{"rendered":"<p><span style=\"color: #000000\">Ir para <a href=\"https:\/\/blog.ufes.br\/vicenzi\/publicacoesartigos\">Artigos (em peri\u00f3dicos)<\/a>.<\/span><\/p>\n<p><span style=\"color: #000000\">Ir para <a href=\"https:\/\/blog.ufes.br\/vicenzi\/livros\">Livros e Cap\u00edtulos<\/a>.<\/span><\/p>\n<p><span style=\"color: #000000\">Ir para <a href=\"https:\/\/blog.ufes.br\/vicenzi\/textos\">Textos (em jornais de not\u00edcias\/revistas)<\/a>.<\/span><\/p>\n<p>&nbsp;<\/p>\n","protected":false},"excerpt":{"rendered":"<p>Ir para Artigos (em peri\u00f3dicos). Ir para Livros e Cap\u00edtulos. Ir para Textos (em jornais de not\u00edcias\/revistas). &nbsp;<\/p>\n","protected":false},"author":315,"featured_media":0,"parent":0,"menu_order":0,"comment_status":"closed","ping_status":"closed","template":"","meta":{"_bbp_topic_count":0,"_bbp_reply_count":0,"_bbp_total_topic_count":0,"_bbp_total_reply_count":0,"_bbp_voice_count":0,"_bbp_anonymous_reply_count":0,"_bbp_topic_count_hidden":0,"_bbp_reply_count_hidden":0,"_bbp_forum_subforum_count":0,"_uag_custom_page_level_css":"","footnotes":""},"class_list":["post-77","page","type-page","status-publish","hentry"],"uagb_featured_image_src":{"full":false,"thumbnail":false,"medium":false,"medium_large":false,"large":false,"1536x1536":false,"2048x2048":false,"post-thumbnail":false},"uagb_author_info":{"display_name":"Brunela Vieira de Vincenzi","author_link":"https:\/\/blog.ufes.br\/vicenzi\/author\/brunela-vicenzi\/"},"uagb_comment_info":0,"uagb_excerpt":"Ir para Artigos (em peri\u00f3dicos). Ir para Livros e Cap\u00edtulos. Ir para Textos (em jornais de not\u00edcias\/revistas). &nbsp;","_links":{"self":[{"href":"https:\/\/blog.ufes.br\/vicenzi\/wp-json\/wp\/v2\/pages\/77","targetHints":{"allow":["GET"]}}],"collection":[{"href":"https:\/\/blog.ufes.br\/vicenzi\/wp-json\/wp\/v2\/pages"}],"about":[{"href":"https:\/\/blog.ufes.br\/vicenzi\/wp-json\/wp\/v2\/types\/page"}],"author":[{"embeddable":true,"href":"https:\/\/blog.ufes.br\/vicenzi\/wp-json\/wp\/v2\/users\/315"}],"replies":[{"embeddable":true,"href":"https:\/\/blog.ufes.br\/vicenzi\/wp-json\/wp\/v2\/comments?post=77"}],"version-history":[{"count":5,"href":"https:\/\/blog.ufes.br\/vicenzi\/wp-json\/wp\/v2\/pages\/77\/revisions"}],"predecessor-version":[{"id":194,"href":"https:\/\/blog.ufes.br\/vicenzi\/wp-json\/wp\/v2\/pages\/77\/revisions\/194"}],"wp:attachment":[{"href":"https:\/\/blog.ufes.br\/vicenzi\/wp-json\/wp\/v2\/media?parent=77"}],"curies":[{"name":"wp","href":"https:\/\/api.w.org\/{rel}","templated":true}]}}